{"id":267,"date":"2020-01-06T08:32:41","date_gmt":"2020-01-06T08:32:41","guid":{"rendered":"https:\/\/diviconsulting.divifixer.com\/?page_id=10"},"modified":"2025-11-15T20:53:48","modified_gmt":"2025-11-15T20:53:48","slug":"home","status":"publish","type":"page","link":"https:\/\/hajekrisk.theta-solutions.hr\/","title":{"rendered":"Home"},"content":{"rendered":"<p>[et_pb_section fb_built=&#8220;1&#8243; fullwidth=&#8220;on&#8220; admin_label=&#8220;Slider&#8220; _builder_version=&#8220;4.27.4&#8243; saved_tabs=&#8220;all&#8220; global_colors_info=&#8220;{}&#8220;][et_pb_fullwidth_slider module_class=&#8220;dct_slider_v1 dct_kenburn_top dct_plx&#8220; _builder_version=&#8220;4.27.4&#8243; header_level=&#8220;h1&#8243; header_font=&#8220;Poppins||||||||&#8220; body_font=&#8220;Open Sans||||||||&#8220; custom_button=&#8220;on&#8220; button_font=&#8220;Poppins||||||||&#8220; auto=&#8220;on&#8220; custom_css_main_element=&#8220;    text-transform: lowercase !important;&#8220; custom_css_slide_description=&#8220;    text-transform: lowercase !important;&#8220; custom_css_slide_title=&#8220;    text-transform: lowercase !important;&#8220; custom_css_slide_button=&#8220;    text-transform: lowercase !important;&#8220; custom_css_slide_controllers=&#8220;    text-transform: lowercase !important;&#8220; custom_css_slide_active_controller=&#8220;    text-transform: lowercase !important;&#8220; global_colors_info=&#8220;{}&#8220;][et_pb_slide heading=&#8220;willkommen bei&#8220; _builder_version=&#8220;4.27.4&#8243; header_level=&#8220;h1&#8243; header_font=&#8220;Open Sans||||||||&#8220; background_color=&#8220;rgba(0,0,0,0.26)&#8220; background_enable_color=&#8220;on&#8220; background_image=&#8220;https:\/\/hajekrisk.theta-solutions.hr\/wp-content\/uploads\/2025\/11\/istockphoto-594020968-1024&#215;1024-1.jpg&#8220; background_enable_image=&#8220;on&#8220; background_blend=&#8220;overlay&#8220; custom_css_main_element=&#8220;    text-transform: lowercase !important;&#8220; custom_css_free_form=&#8220;.dct_slider_v1 .et_pb_slide_description .et_pb_slide_content h1 {||    font-size: 50px;||||    line-height: 60px;||    margin: auto;||    text-transform: lowercase;||    margin-bottom: 15px;||    font-weight: 400;||}&#8220; custom_css_slide_title=&#8220;font-size: 40px;||||    text-transform: lowercase;&#8220; custom_css_slide_description=&#8220;    text-transform: lowercase !important;&#8220; custom_css_slide_image=&#8220;    text-transform: lowercase !important;&#8220; global_colors_info=&#8220;{}&#8220; sticky_transition=&#8220;on&#8220;]<\/p>\n<h1 class=\"text-align-center\"><strong>hajek<\/strong>\u00a0| risk management<\/h1>\n<p>[\/et_pb_slide][\/et_pb_fullwidth_slider][\/et_pb_section][et_pb_section fb_built=&#8220;1&#8243; custom_padding_last_edited=&#8220;on|tablet&#8220; _builder_version=&#8220;4.27.4&#8243; background_color=&#8220;#f7f8fa&#8220; custom_padding=&#8220;20px||20px||true|false&#8220; custom_padding_tablet=&#8220;||0px||false|false&#8220; custom_padding_phone=&#8220;&#8220; global_colors_info=&#8220;{}&#8220;][et_pb_row use_custom_gutter=&#8220;on&#8220; gutter_width=&#8220;2&#8243; make_equal=&#8220;on&#8220; _builder_version=&#8220;4.27.4&#8243; custom_padding=&#8220;||||false|false&#8220; global_colors_info=&#8220;{}&#8220;][et_pb_column type=&#8220;4_4&#8243; _builder_version=&#8220;4.16&#8243; global_colors_info=&#8220;{}&#8220;][et_pb_text module_class=&#8220;dct_section_title&#8220; _builder_version=&#8220;4.27.4&#8243; text_font=&#8220;Poppins||||||||&#8220; header_2_font=&#8220;Blinker||||||||&#8220; text_orientation=&#8220;center&#8220; custom_margin=&#8220;||1px||false|false&#8220; global_colors_info=&#8220;{}&#8220;]<\/p>\n<h2 class=\"text-align-center\">Ihr ungebundener Versicherungsvermittler mit Tradition, Dynamik und Handschlagqualit\u00e4t <\/h2>\n<p>[\/et_pb_text][et_pb_divider module_class=&#8220;dct_divider_v2&#8243; _builder_version=&#8220;4.16&#8243; custom_margin=&#8220;||30px||false|false&#8220; global_colors_info=&#8220;{}&#8220;][\/et_pb_divider][et_pb_text _builder_version=&#8220;4.27.4&#8243; text_font=&#8220;||||||||&#8220; text_orientation=&#8220;center&#8220; custom_css_main_element=&#8220;color: #86898b;line-height: 26px;font-weight: 400;&#8220; global_colors_info=&#8220;{}&#8220;]<\/p>\n<p>Als Familienunternehmen in dritter Generation haben wir das Thema Versicherung im Blut. Wir verbinden jahrzehntelange Erfahrung und umfassendes Wissen \u00fcber alle Versicherungsbereiche mit einem jungen, dynamischen Team, das t\u00e4glich mit Leidenschaft f\u00fcr Sie arbeitet.<\/p>\n<p>[\/et_pb_text][\/et_pb_column][\/et_pb_row][\/et_pb_section][et_pb_section fb_built=&#8220;1&#8243; module_id=&#8220;dct_testy_v5&#8243; module_class=&#8220;dct_plx&#8220; _builder_version=&#8220;4.27.4&#8243; background_image=&#8220;https:\/\/hajekrisk.theta-solutions.hr\/wp-content\/uploads\/2025\/11\/istockphoto-165864182-1024&#215;1024-1.jpg&#8220; parallax=&#8220;on&#8220; custom_margin=&#8220;||-150px||false|false&#8220; custom_padding=&#8220;||0px||false|false&#8220; saved_tabs=&#8220;all&#8220; global_colors_info=&#8220;{}&#8220;][et_pb_row use_custom_gutter=&#8220;on&#8220; gutter_width=&#8220;1&#8243; make_equal=&#8220;on&#8220; _builder_version=&#8220;4.27.4&#8243; max_width=&#8220;1100px&#8220; custom_padding=&#8220;0px||0px||true|false&#8220; global_colors_info=&#8220;{}&#8220;][et_pb_column type=&#8220;4_4&#8243; _builder_version=&#8220;4.16&#8243; custom_padding=&#8220;50px|50px|50px|50px|true|true&#8220; custom_padding_tablet=&#8220;20px|20px|20px|20px|true|true&#8220; custom_padding_phone=&#8220;&#8220; custom_padding_last_edited=&#8220;on|tablet&#8220; custom_css_main_element=&#8220;background:var(&#8211;color-2);&#8220; global_colors_info=&#8220;{}&#8220;][et_pb_text _builder_version=&#8220;4.27.4&#8243; header_2_font=&#8220;||||||||&#8220; global_colors_info=&#8220;{}&#8220;]<\/p>\n<h2><strong>Unsere Philosophie: Wir handeln schnell und kompetent und sind immer an Ihrer Seite.<\/strong><\/h2>\n<p>[\/et_pb_text][\/et_pb_column][\/et_pb_row][\/et_pb_section][et_pb_section fb_built=&#8220;1&#8243; module_class=&#8220;dct_abt1_intro&#8220; _builder_version=&#8220;4.27.4&#8243; custom_margin=&#8220;100px||||false|false&#8220; custom_padding=&#8220;||0px|||&#8220; global_colors_info=&#8220;{}&#8220;][et_pb_row column_structure=&#8220;1_2,1_2&#8243; _builder_version=&#8220;4.16&#8243; global_colors_info=&#8220;{}&#8220;][et_pb_column type=&#8220;1_2&#8243; _builder_version=&#8220;4.16&#8243; global_colors_info=&#8220;{}&#8220;][et_pb_text module_class=&#8220;dct_title_v3&#8243; _builder_version=&#8220;4.27.4&#8243; text_font=&#8220;||||||||&#8220; header_4_font=&#8220;||||||||&#8220; custom_margin=&#8220;||0px||false|false&#8220; global_colors_info=&#8220;{}&#8220;]<\/p>\n<h4>Wir Siend f\u00fcr Sie da<\/h4>\n<h2>Individuelle L\u00f6sungen <span><br \/>mit echter Kundenorientierung <\/span><\/h2>\n<p>[\/et_pb_text][et_pb_text _builder_version=&#8220;4.27.4&#8243; text_font=&#8220;||||||||&#8220; text_orientation=&#8220;justified&#8220; custom_css_main_element=&#8220;font-weight: normal;||||font-style: normal;||||font-size: 1em;||||line-height: 2;||||color:||#6f6f6f;&#8220; global_colors_info=&#8220;{}&#8220;]<\/p>\n<p><span>Kundenorientierung und Vertrauen stehen dabei an erster Stelle. In der Regel reagieren wir innerhalb eines Arbeitstags auf Ihre Anfragen \u2013 rasch, kompetent und immer in Ihrem Sinne. Wir verstehen uns nicht als Polizzen-Verwalter, sondern als proaktive Risiko-Manager, die f\u00fcr Sie optimale individuelle L\u00f6sungen entwickeln. <\/span><\/p>\n<p>[\/et_pb_text][\/et_pb_column][et_pb_column type=&#8220;1_2&#8243; _builder_version=&#8220;4.16&#8243; global_colors_info=&#8220;{}&#8220;][et_pb_image src=&#8220;https:\/\/hajekrisk.theta-solutions.hr\/wp-content\/uploads\/2025\/11\/istockphoto-659549518-1024&#215;1024-1.jpg&#8220; title_text=&#8220;istockphoto-659549518-1024&#215;1024&#8243; show_bottom_space=&#8220;off&#8220; force_fullwidth=&#8220;on&#8220; _builder_version=&#8220;4.27.4&#8243; global_colors_info=&#8220;{}&#8220;][\/et_pb_image][et_pb_cta title=&#8220;20&#8243; _builder_version=&#8220;4.27.4&#8243; header_font=&#8220;||||||||&#8220; body_font=&#8220;||||||||&#8220; global_colors_info=&#8220;{}&#8220;]<\/p>\n<p>Jahre Erfahrung im\u00a0 Versicherungswesen<\/p>\n<p>[\/et_pb_cta][\/et_pb_column][\/et_pb_row][\/et_pb_section][et_pb_section fb_built=&#8220;1&#8243; make_equal=&#8220;on&#8220; use_custom_gutter=&#8220;on&#8220; gutter_width=&#8220;2&#8243; specialty=&#8220;on&#8220; module_class_1=&#8220;dct_hover&#8220; admin_label=&#8220;About us&#8220; module_class=&#8220;dct_intro_content&#8220; _builder_version=&#8220;4.27.4&#8243; inner_max_width=&#8220;1170px&#8220; custom_padding=&#8220;0px||0px||true|false&#8220; global_colors_info=&#8220;{}&#8220;][et_pb_column type=&#8220;1_2&#8243; _builder_version=&#8220;4.16&#8243; custom_padding=&#8220;|||&#8220; global_colors_info=&#8220;{}&#8220; custom_padding__hover=&#8220;|||&#8220;][et_pb_image src=&#8220;https:\/\/hajekrisk.theta-solutions.hr\/wp-content\/uploads\/2025\/11\/istockphoto-163915213-1024&#215;1024-1.jpg&#8220; title_text=&#8220;istockphoto-163915213-1024&#215;1024&#8243; url=&#8220;#&#8220; show_bottom_space=&#8220;off&#8220; force_fullwidth=&#8220;on&#8220; module_class=&#8220;dct_img&#8220; _builder_version=&#8220;4.27.4&#8243; global_colors_info=&#8220;{}&#8220;][\/et_pb_image][et_pb_blurb title=&#8220;20+&#8220; url=&#8220;#&#8220; module_class=&#8220;dct_exp&#8220; _builder_version=&#8220;4.27.4&#8243; animation=&#8220;off&#8220; link_option_url=&#8220;#&#8220; global_colors_info=&#8220;{}&#8220;]<\/p>\n<p>Jahre<\/p>\n<p>[\/et_pb_blurb][\/et_pb_column][et_pb_column type=&#8220;1_2&#8243; specialty_columns=&#8220;2&#8243; _builder_version=&#8220;4.16&#8243; custom_padding=&#8220;|||&#8220; global_colors_info=&#8220;{}&#8220; custom_padding__hover=&#8220;|||&#8220;][et_pb_row_inner _builder_version=&#8220;4.16&#8243; global_colors_info=&#8220;{}&#8220;][et_pb_column_inner saved_specialty_column_type=&#8220;1_2&#8243; _builder_version=&#8220;4.16&#8243; global_colors_info=&#8220;{}&#8220;][et_pb_text module_class=&#8220;dct_title_v3&#8243; _builder_version=&#8220;4.27.4&#8243; text_font=&#8220;||||||||&#8220; header_4_font=&#8220;||||||||&#8220; custom_margin=&#8220;||0px||false|false&#8220; global_colors_info=&#8220;{}&#8220;]<\/p>\n<h2>Seien Sie versichert, <br \/><span>dass hajek | risk management\u2026 <\/span><\/h2>\n<p>[\/et_pb_text][et_pb_text module_id=&#8220;libutton&#8220; _builder_version=&#8220;4.27.4&#8243; _module_preset=&#8220;default&#8220; ul_font_size=&#8220;18px&#8220; custom_margin=&#8220;30px||||false|false&#8220; custom_css_free_form=&#8220;\/* Stil za listu unutar elementa s ID-em #libutton *\/||#libutton ul {||  list-style: none;      \/* Makni default bullet *\/||  margin: 0;||  padding: 0;||}||||#libutton li {||  position: relative;||  padding-left: 2.5rem;  \/* Razmak za kvadrati\u0107 s kva\u010dicom *\/||  margin-bottom: 0.5rem;||}||||\/* Uokvirena kva\u010dica umjesto bullet-a *\/||#libutton li::before {||  content: %22\u2713%22;||  position: absolute;||  left: 0;||  top: 0.1rem;||||  width: 1.4rem;||  height: 1.4rem;||  line-height: 1.3rem;||  text-align: center;||||  border: 2px solid var(&#8211;color-2);||  border-radius: 4px;||||  color: var(&#8211;color-2);||  font-weight: 700;||  font-size: 0.9rem;||  box-sizing: border-box;||}&#8220; global_colors_info=&#8220;{}&#8220;]<\/p>\n<ul>\n<li>Sie als Kunden an erste Stelle stellt<\/li>\n<li>Immer in Ihrem Sinne handelt<\/li>\n<li>Im Schadensfall aktiv an Ihrer Seite steht<\/li>\n<li>Rasch, kompetent und zuverl\u00e4ssig reagiert<\/li>\n<li>Die individuell beste L\u00f6sung f\u00fcr Sie entwickelt<\/li>\n<li>Vertrauen, Verl\u00e4sslichkeit und Handschlagqualit\u00e4t lebt<\/li>\n<li>Versicherung nicht als Beruf, sondern als Berufung versteht<\/li>\n<li>Klar, offen und transparent kommuniziert<\/li>\n<\/ul>\n<p>[\/et_pb_text][\/et_pb_column_inner][\/et_pb_row_inner][\/et_pb_column][\/et_pb_section][et_pb_section fb_built=&#8220;1&#8243; module_class=&#8220;dct_abt1_intro&#8220; _builder_version=&#8220;4.27.4&#8243; custom_margin=&#8220;||100px||false|false&#8220; custom_padding=&#8220;||98px||false|false&#8220; global_colors_info=&#8220;{}&#8220;][et_pb_row column_structure=&#8220;1_2,1_2&#8243; _builder_version=&#8220;4.16&#8243; global_colors_info=&#8220;{}&#8220;][et_pb_column type=&#8220;1_2&#8243; _builder_version=&#8220;4.16&#8243; global_colors_info=&#8220;{}&#8220;][et_pb_text module_class=&#8220;dct_title_v3&#8243; _builder_version=&#8220;4.27.4&#8243; text_font=&#8220;||||||||&#8220; header_4_font=&#8220;||||||||&#8220; custom_margin=&#8220;||0px||false|false&#8220; global_colors_info=&#8220;{}&#8220;]<\/p>\n<h2>Erfahrung &#038;<span> Tradition  <\/span><\/h2>\n<p>[\/et_pb_text][et_pb_text _builder_version=&#8220;4.27.4&#8243; text_font=&#8220;||||||||&#8220; text_orientation=&#8220;justified&#8220; custom_css_main_element=&#8220;font-weight: normal;||||font-style: normal;||||font-size: 1em;||||line-height: 2;||||color:||#6f6f6f;&#8220; global_colors_info=&#8220;{}&#8220;]Unsere Arbeit baut auf der Erfahrung von drei Generationen auf und vereint Tradition mit Innovation. Als tief in der Branche verankerte Versicherungs-Familie nutzen wir unser einzigartiges Netzwerk an Kontakten, um f\u00fcr unsere Kund:innen die bestm\u00f6glichen Versicherungs-L\u00f6sungen zu erstellen.<\/p>\n<p>Dabei steht Vertrauen, Verl\u00e4sslichkeit und offene Kommunikation im Mittelpunkt. [\/et_pb_text][\/et_pb_column][et_pb_column type=&#8220;1_2&#8243; _builder_version=&#8220;4.16&#8243; global_colors_info=&#8220;{}&#8220;][et_pb_image src=&#8220;https:\/\/hajekrisk.theta-solutions.hr\/wp-content\/uploads\/2025\/11\/istockphoto-91399895-1024&#215;1024-1.jpg&#8220; title_text=&#8220;istockphoto-91399895-1024&#215;1024&#8243; show_bottom_space=&#8220;off&#8220; force_fullwidth=&#8220;on&#8220; _builder_version=&#8220;4.27.4&#8243; global_colors_info=&#8220;{}&#8220;][\/et_pb_image][\/et_pb_column][\/et_pb_row][\/et_pb_section][et_pb_section fb_built=&#8220;1&#8243; module_id=&#8220;dct_testy_v5&#8243; module_class=&#8220;dct_plx&#8220; _builder_version=&#8220;4.27.4&#8243; background_image=&#8220;https:\/\/hajekrisk.theta-solutions.hr\/wp-content\/uploads\/2025\/11\/istockphoto-165864182-1024&#215;1024-1.jpg&#8220; parallax=&#8220;on&#8220; custom_margin=&#8220;||-100px||false|false&#8220; custom_padding=&#8220;||||false|false&#8220; saved_tabs=&#8220;all&#8220; global_colors_info=&#8220;{}&#8220;][et_pb_row use_custom_gutter=&#8220;on&#8220; gutter_width=&#8220;1&#8243; make_equal=&#8220;on&#8220; _builder_version=&#8220;4.27.4&#8243; max_width=&#8220;1100px&#8220; custom_padding=&#8220;0px||0px||true|false&#8220; global_colors_info=&#8220;{}&#8220;][et_pb_column type=&#8220;4_4&#8243; _builder_version=&#8220;4.16&#8243; custom_padding=&#8220;50px|50px|50px|50px|true|true&#8220; custom_padding_tablet=&#8220;20px|20px|20px|20px|true|true&#8220; custom_padding_phone=&#8220;&#8220; custom_padding_last_edited=&#8220;on|tablet&#8220; custom_css_main_element=&#8220;background:var(&#8211;color-2);&#8220; global_colors_info=&#8220;{}&#8220;][et_pb_text _builder_version=&#8220;4.27.4&#8243; header_2_font=&#8220;||||||||&#8220; global_colors_info=&#8220;{}&#8220;]<\/p>\n<h2><strong>Seit Generationen in Ihrem Sinne<\/h2>\n<p>[\/et_pb_text][\/et_pb_column][\/et_pb_row][\/et_pb_section][et_pb_section fb_built=&#8220;1&#8243; admin_label=&#8220;Services&#8220; _builder_version=&#8220;4.27.4&#8243; background_color=&#8220;#f7f7f7&#8243; custom_margin=&#8220;||||false|false&#8220; custom_padding=&#8220;60px||||false|false&#8220; hover_enabled=&#8220;0&#8243; saved_tabs=&#8220;all&#8220; global_colors_info=&#8220;{}&#8220; sticky_enabled=&#8220;0&#8243;][et_pb_row use_custom_gutter=&#8220;on&#8220; gutter_width=&#8220;2&#8243; make_equal=&#8220;on&#8220; _builder_version=&#8220;4.27.4&#8243; custom_padding=&#8220;||||false|false&#8220; global_colors_info=&#8220;{}&#8220;][et_pb_column type=&#8220;4_4&#8243; _builder_version=&#8220;4.16&#8243; global_colors_info=&#8220;{}&#8220;][et_pb_text module_class=&#8220;dct_section_title&#8220; _builder_version=&#8220;4.27.4&#8243; text_font=&#8220;Poppins||||||||&#8220; header_2_font=&#8220;Blinker||||||||&#8220; text_orientation=&#8220;center&#8220; custom_margin=&#8220;||1px||false|false&#8220; global_colors_info=&#8220;{}&#8220;]<\/p>\n<h2 class=\"text-align-center\">Unsere Kernkompetenzen<\/h2>\n<p>[\/et_pb_text][et_pb_divider module_class=&#8220;dct_divider_v2&#8243; _builder_version=&#8220;4.16&#8243; custom_margin=&#8220;||30px||false|false&#8220; global_colors_info=&#8220;{}&#8220;][\/et_pb_divider][et_pb_text _builder_version=&#8220;4.27.4&#8243; text_font=&#8220;||||||||&#8220; text_orientation=&#8220;center&#8220; custom_css_main_element=&#8220;color: #86898b;line-height: 26px;font-weight: 400;&#8220; global_colors_info=&#8220;{}&#8220;]<\/p>\n<p>Als Familienunternehmen in dritter Generation haben wir das Thema Versicherung im Blut. Wir verbinden jahrzehntelange Erfahrung und umfassendes Wissen \u00fcber alle Versicherungsbereiche mit einem jungen, dynamischen Team, das t\u00e4glich mit Leidenschaft f\u00fcr Sie arbeitet.<\/p>\n<p>[\/et_pb_text][\/et_pb_column][\/et_pb_row][et_pb_row column_structure=&#8220;1_4,1_4,1_4,1_4&#8243; use_custom_gutter=&#8220;on&#8220; gutter_width=&#8220;2&#8243; make_equal=&#8220;on&#8220; _builder_version=&#8220;4.27.4&#8243; width=&#8220;90%&#8220; max_width=&#8220;1170px&#8220; hover_enabled=&#8220;0&#8243; global_colors_info=&#8220;{}&#8220; sticky_enabled=&#8220;0&#8243; custom_css_free_form=&#8220;.dct_service_v1 .et_pb_blurb_content .et_pb_blurb_container .et_pb_blurb_description {||\tfont-size:16px;||}&#8220;][et_pb_column type=&#8220;1_4&#8243; module_class=&#8220;dct_service_v1&#8243; _builder_version=&#8220;4.16&#8243; hover_enabled=&#8220;0&#8243; global_colors_info=&#8220;{}&#8220; sticky_enabled=&#8220;0&#8243;][et_pb_blurb title=&#8220;Kurze Reaktionszeit&#8220; use_icon=&#8220;on&#8220; font_icon=&#8220;&#xe06b;||divi||400&#8243; icon_placement=&#8220;left&#8220; _builder_version=&#8220;4.27.4&#8243; header_font=&#8220;Poppins||||||||&#8220; body_font=&#8220;Poppins||||||||&#8220; hover_enabled=&#8220;0&#8243; global_colors_info=&#8220;{}&#8220; sticky_enabled=&#8220;0&#8243;]Reaktion auf Kundenanliegen in der Regel innerhalb eines Arbeitstags.[\/et_pb_blurb][\/et_pb_column][et_pb_column type=&#8220;1_4&#8243; module_class=&#8220;dct_service_v1&#8243; _builder_version=&#8220;4.16&#8243; global_colors_info=&#8220;{}&#8220;][et_pb_blurb title=&#8220;Pers\u00f6nliche Betreuung&#8220; use_icon=&#8220;on&#8220; font_icon=&#8220;&#xe08b;||divi||400&#8243; icon_placement=&#8220;left&#8220; _builder_version=&#8220;4.27.4&#8243; header_font=&#8220;Poppins||||||||&#8220; body_font=&#8220;Poppins||||||||&#8220; global_colors_info=&#8220;{}&#8220;]Pers\u00f6nliche Betreuung durch feste Ansprechpartner[\/et_pb_blurb][\/et_pb_column][et_pb_column type=&#8220;1_4&#8243; module_class=&#8220;dct_service_v1&#8243; _builder_version=&#8220;4.16&#8243; global_colors_info=&#8220;{}&#8220;][et_pb_blurb title=&#8220;Regelm\u00e4ssige Updates&#8220; use_icon=&#8220;on&#8220; font_icon=&#8220;&#xf2b5;||fa||900&#8243; icon_placement=&#8220;left&#8220; _builder_version=&#8220;4.27.4&#8243; header_font=&#8220;Poppins||||||||&#8220; body_font=&#8220;Poppins||||||||&#8220; global_colors_info=&#8220;{}&#8220;]Jahresgespr\u00e4che f\u00fcr nachhaltige Absicherung[\/et_pb_blurb][\/et_pb_column][et_pb_column type=&#8220;1_4&#8243; module_class=&#8220;dct_service_v1&#8243; _builder_version=&#8220;4.16&#8243; global_colors_info=&#8220;{}&#8220;][et_pb_blurb title=&#8220;Unkomplizierte Unterst\u00fctzung &#8220; use_icon=&#8220;on&#8220; font_icon=&#8220;&#xf0fa;||fa||900&#8243; icon_placement=&#8220;left&#8220; _builder_version=&#8220;4.27.4&#8243; header_font=&#8220;Poppins||||||||&#8220; body_font=&#8220;Poppins||||||||&#8220; global_colors_info=&#8220;{}&#8220;]Rasche Unterst\u00fctzung im Schadensfall[\/et_pb_blurb][\/et_pb_column][\/et_pb_row][\/et_pb_section]<\/p>\n","protected":false},"excerpt":{"rendered":"<p>hajek\u00a0| risk managementIhr ungebundener Versicherungsvermittler mit Tradition, Dynamik und Handschlagqualit\u00e4t Als Familienunternehmen in dritter Generation haben wir das Thema Versicherung im Blut. Wir verbinden jahrzehntelange Erfahrung und umfassendes Wissen \u00fcber alle Versicherungsbereiche mit einem jungen, dynamischen Team, das t\u00e4glich mit Leidenschaft f\u00fcr Sie arbeitet.Unsere Philosophie: Wir handeln schnell und kompetent und sind immer an Ihrer [&hellip;]<\/p>\n","protected":false},"author":1,"featured_media":0,"parent":0,"menu_order":0,"comment_status":"closed","ping_status":"closed","template":"","meta":{"_et_pb_use_builder":"on","_et_pb_old_content":"","_et_gb_content_width":"","footnotes":""},"class_list":["post-267","page","type-page","status-publish","hentry"],"yoast_head":"<!-- This site is optimized with the Yoast SEO plugin v26.3 - https:\/\/yoast.com\/wordpress\/plugins\/seo\/ -->\n<title>Home - hajek | risk management<\/title>\n<meta name=\"robots\" content=\"index, follow, max-snippet:-1, max-image-preview:large, max-video-preview:-1\" \/>\n<link rel=\"canonical\" href=\"https:\/\/hajekrisk.theta-solutions.hr\/\" \/>\n<meta property=\"og:locale\" content=\"de_DE\" \/>\n<meta property=\"og:type\" content=\"article\" \/>\n<meta property=\"og:title\" content=\"Home - hajek | risk management\" \/>\n<meta property=\"og:description\" content=\"hajek\u00a0| risk managementIhr ungebundener Versicherungsvermittler mit Tradition, Dynamik und Handschlagqualit\u00e4t Als Familienunternehmen in dritter Generation haben wir das Thema Versicherung im Blut. Wir verbinden jahrzehntelange Erfahrung und umfassendes Wissen \u00fcber alle Versicherungsbereiche mit einem jungen, dynamischen Team, das t\u00e4glich mit Leidenschaft f\u00fcr Sie arbeitet.Unsere Philosophie: Wir handeln schnell und kompetent und sind immer an Ihrer [&hellip;]\" \/>\n<meta property=\"og:url\" content=\"https:\/\/hajekrisk.theta-solutions.hr\/\" \/>\n<meta property=\"og:site_name\" content=\"hajek | risk management\" \/>\n<meta property=\"article:modified_time\" content=\"2025-11-15T20:53:48+00:00\" \/>\n<meta name=\"twitter:card\" content=\"summary_large_image\" \/>\n<meta name=\"twitter:label1\" content=\"Gesch\u00e4tzte Lesezeit\" \/>\n\t<meta name=\"twitter:data1\" content=\"6\u00a0Minuten\" \/>\n<script type=\"application\/ld+json\" class=\"yoast-schema-graph\">{\"@context\":\"https:\/\/schema.org\",\"@graph\":[{\"@type\":\"WebPage\",\"@id\":\"https:\/\/hajekrisk.theta-solutions.hr\/\",\"url\":\"https:\/\/hajekrisk.theta-solutions.hr\/\",\"name\":\"Home - hajek | risk management\",\"isPartOf\":{\"@id\":\"https:\/\/hajekrisk.theta-solutions.hr\/#website\"},\"datePublished\":\"2020-01-06T08:32:41+00:00\",\"dateModified\":\"2025-11-15T20:53:48+00:00\",\"breadcrumb\":{\"@id\":\"https:\/\/hajekrisk.theta-solutions.hr\/#breadcrumb\"},\"inLanguage\":\"de\",\"potentialAction\":[{\"@type\":\"ReadAction\",\"target\":[\"https:\/\/hajekrisk.theta-solutions.hr\/\"]}]},{\"@type\":\"BreadcrumbList\",\"@id\":\"https:\/\/hajekrisk.theta-solutions.hr\/#breadcrumb\",\"itemListElement\":[{\"@type\":\"ListItem\",\"position\":1,\"name\":\"Startseite\",\"item\":\"https:\/\/hajekrisk.theta-solutions.hr\/\"},{\"@type\":\"ListItem\",\"position\":2,\"name\":\"Home\"}]},{\"@type\":\"WebSite\",\"@id\":\"https:\/\/hajekrisk.theta-solutions.hr\/#website\",\"url\":\"https:\/\/hajekrisk.theta-solutions.hr\/\",\"name\":\"hajek | risk management\",\"description\":\"\",\"potentialAction\":[{\"@type\":\"SearchAction\",\"target\":{\"@type\":\"EntryPoint\",\"urlTemplate\":\"https:\/\/hajekrisk.theta-solutions.hr\/?s={search_term_string}\"},\"query-input\":{\"@type\":\"PropertyValueSpecification\",\"valueRequired\":true,\"valueName\":\"search_term_string\"}}],\"inLanguage\":\"de\"}]}<\/script>\n<!-- \/ Yoast SEO plugin. -->","yoast_head_json":{"title":"Home - hajek | risk management","robots":{"index":"index","follow":"follow","max-snippet":"max-snippet:-1","max-image-preview":"max-image-preview:large","max-video-preview":"max-video-preview:-1"},"canonical":"https:\/\/hajekrisk.theta-solutions.hr\/","og_locale":"de_DE","og_type":"article","og_title":"Home - hajek | risk management","og_description":"hajek\u00a0| risk managementIhr ungebundener Versicherungsvermittler mit Tradition, Dynamik und Handschlagqualit\u00e4t Als Familienunternehmen in dritter Generation haben wir das Thema Versicherung im Blut. Wir verbinden jahrzehntelange Erfahrung und umfassendes Wissen \u00fcber alle Versicherungsbereiche mit einem jungen, dynamischen Team, das t\u00e4glich mit Leidenschaft f\u00fcr Sie arbeitet.Unsere Philosophie: Wir handeln schnell und kompetent und sind immer an Ihrer [&hellip;]","og_url":"https:\/\/hajekrisk.theta-solutions.hr\/","og_site_name":"hajek | risk management","article_modified_time":"2025-11-15T20:53:48+00:00","twitter_card":"summary_large_image","twitter_misc":{"Gesch\u00e4tzte Lesezeit":"6\u00a0Minuten"},"schema":{"@context":"https:\/\/schema.org","@graph":[{"@type":"WebPage","@id":"https:\/\/hajekrisk.theta-solutions.hr\/","url":"https:\/\/hajekrisk.theta-solutions.hr\/","name":"Home - hajek | risk management","isPartOf":{"@id":"https:\/\/hajekrisk.theta-solutions.hr\/#website"},"datePublished":"2020-01-06T08:32:41+00:00","dateModified":"2025-11-15T20:53:48+00:00","breadcrumb":{"@id":"https:\/\/hajekrisk.theta-solutions.hr\/#breadcrumb"},"inLanguage":"de","potentialAction":[{"@type":"ReadAction","target":["https:\/\/hajekrisk.theta-solutions.hr\/"]}]},{"@type":"BreadcrumbList","@id":"https:\/\/hajekrisk.theta-solutions.hr\/#breadcrumb","itemListElement":[{"@type":"ListItem","position":1,"name":"Startseite","item":"https:\/\/hajekrisk.theta-solutions.hr\/"},{"@type":"ListItem","position":2,"name":"Home"}]},{"@type":"WebSite","@id":"https:\/\/hajekrisk.theta-solutions.hr\/#website","url":"https:\/\/hajekrisk.theta-solutions.hr\/","name":"hajek | risk management","description":"","potentialAction":[{"@type":"SearchAction","target":{"@type":"EntryPoint","urlTemplate":"https:\/\/hajekrisk.theta-solutions.hr\/?s={search_term_string}"},"query-input":{"@type":"PropertyValueSpecification","valueRequired":true,"valueName":"search_term_string"}}],"inLanguage":"de"}]}},"_links":{"self":[{"href":"https:\/\/hajekrisk.theta-solutions.hr\/index.php\/wp-json\/wp\/v2\/pages\/267","targetHints":{"allow":["GET"]}}],"collection":[{"href":"https:\/\/hajekrisk.theta-solutions.hr\/index.php\/wp-json\/wp\/v2\/pages"}],"about":[{"href":"https:\/\/hajekrisk.theta-solutions.hr\/index.php\/wp-json\/wp\/v2\/types\/page"}],"author":[{"embeddable":true,"href":"https:\/\/hajekrisk.theta-solutions.hr\/index.php\/wp-json\/wp\/v2\/users\/1"}],"replies":[{"embeddable":true,"href":"https:\/\/hajekrisk.theta-solutions.hr\/index.php\/wp-json\/wp\/v2\/comments?post=267"}],"version-history":[{"count":47,"href":"https:\/\/hajekrisk.theta-solutions.hr\/index.php\/wp-json\/wp\/v2\/pages\/267\/revisions"}],"predecessor-version":[{"id":646,"href":"https:\/\/hajekrisk.theta-solutions.hr\/index.php\/wp-json\/wp\/v2\/pages\/267\/revisions\/646"}],"wp:attachment":[{"href":"https:\/\/hajekrisk.theta-solutions.hr\/index.php\/wp-json\/wp\/v2\/media?parent=267"}],"curies":[{"name":"wp","href":"https:\/\/api.w.org\/{rel}","templated":true}]}}